{"id":26,"date":"2025-08-27T21:11:03","date_gmt":"2025-08-27T21:11:03","guid":{"rendered":"https:\/\/avez.com.br\/idealebrindes\/?page_id=26"},"modified":"2025-11-25T12:48:46","modified_gmt":"2025-11-25T15:48:46","slug":"home","status":"publish","type":"page","link":"https:\/\/idealebrindes.com.br\/","title":{"rendered":"Home"},"content":{"rendered":"<div class=\"wp-block-columns div-onboard\" style=\"height: 100vh; margin:0; \">\n<div class=\"wp-block-column\" style=\"display: flex; position: relative; margin:0; height: 100%; width: 100%; padding-top: 80px;\">\n\n<div class=\"wp-block-column\" style=\" margin:auto; height: 100%;\">\n<figure style=\"height: 100%;\"><img decoding=\"async\" src=\"https:\/\/avez.com.br\/idealebrindes\/wp-content\/uploads\/2025\/09\/homemfundo_.png\" alt=\"\" class=\"wp-image-543\" style=\"width: 65%; position: absolute; right:12%; bottom: 0;\" \/><\/figure>\n<!-- \/wp:post-content -->\n<\/div>\n<div class=\"wp-block-columns div-assunto\">\n<div class=\"wp-block-column div-textos\">\n<h2 class=\"wp-block-heading\">Transforme <span class=\"destaque\">suas ideias<\/span> em <br \/><span class=\"destaque\">brindes memor\u00e1veis<\/span><\/h2>\n<\/div>\n<\/div>\n<\/div>\n<\/div>\n<!-- wp:columns {\"className\":\"div-sobre\"} -->\n<div class=\"wp-block-columns div-sobre\" style=\"margin: 0;\"><!-- wp:column -->\n<div class=\"wp-block-column\" style=\"background-image: url(https:\/\/avez.com.br\/idealebrindes\/wp-content\/uploads\/2025\/09\/fundo_.png); background-size: auto 100%; background-repeat: repeat;\"><!-- wp:group {\"layout\":{\"type\":\"flex\",\"orientation\":\"vertical\"}} -->\n<div class=\"wp-block-group\" id=\"sobre\">\n<div class=\"div-texto-sobre\" >\n<!-- wp:heading -->\n<h2 class=\"wp-block-heading\" style='text-align: center' >A Ideale Brindes<\/h2>\n<!-- \/wp:heading -->\n<!-- wp:paragraph -->\n<p>Somos especialistas em criar brindes personalizados que fortalecem marcas e encantam clientes.<\/p>\n<!-- \/wp:paragraph -->\n<!-- wp:paragraph -->\n<p class=\"destaque-sobre\">Qualidade, criatividade e compromisso s\u00e3o nossos pilares.<\/p>\n<!-- \/wp:paragraph -->\n<\/div>\n<div class=\"div-sobre-image\">\n<div>\n<!-- wp:image {\"id\":1539,\"width\":\"809px\",\"height\":\"auto\",\"sizeSlug\":\"large\",\"linkDestination\":\"none\"} -->\n<figure class=\"wp-block-image size-large is-resized\"><img decoding=\"async\" src=\"https:\/\/avez.com.br\/idealebrindes\/wp-content\/uploads\/2025\/09\/produtos-1-scaled.png\" alt=\"\" class=\"wp-image-1539\" style=\"width:809px;height:auto\"\/><\/figure>\n<\/div>\n<\/div>\n<!-- \/wp:image -->\n<\/div>\n<!-- \/wp:group --><\/div>\n<!-- \/wp:column --><\/div>\n<!-- \/wp:columns -->\n\n<!-- wp:columns {\"className\":\"div-personalizacao\"} -->\n<div class=\"wp-block-columns div-personalizacao\"><!-- wp:column {\"className\":\"texto-personalizacao\"} -->\n<div class=\"wp-block-column texto-personalizacao\"><!-- wp:heading {\"className\":\"titulo-personalizacao\"} -->\n<h2 class=\"wp-block-heading titulo-personalizacao\">Tipos de Personaliza\u00e7\u00e3o<\/h2>\n<!-- \/wp:heading -->\n<div class='tipos-personalizacao'>\n<!-- wp:columns -->\n<div class=\"wp-block-columns\"><!-- wp:column -->\n<div class=\"wp-block-column\"><!-- wp:columns -->\n<div class=\"wp-block-columns\"><!-- wp:column -->\n<div class=\"wp-block-column\"><!-- wp:heading -->\n<h4 class=\"wp-block-heading\">Bordado<\/h4>\n<p>Ideal para uniformes e vestu\u00e1rio.\nProduz acabamento delicado e elegante<\/p>\n<!-- \/wp:heading --><\/div>\n<!-- \/wp:column -->\n\n<!-- wp:column -->\n<div class=\"wp-block-column\"><!-- wp:heading -->\n<h4 class=\"wp-block-heading\">DTF (Direct-to-Film) <\/h4>\n<p>Consegue reproduzir imagens com cores vivas e detalhes n\u00edtidos. \nPode ser aplicado em uma variedade de materiais.   <\/p>\n<!-- \/wp:heading --><\/div>\n\n<!-- wp:column -->\n<div class=\"wp-block-column\"><!-- wp:heading -->\n<h4 class=\"wp-block-heading\">Grava\u00e7\u00e3o a Laser<\/h4>\n<p>M\u00e9todo preciso e duradouro para gravar em materiais r\u00edgidos como metal, madeira e acr\u00edlico.<\/p>\n<!-- \/wp:heading --><\/div>\n<!-- \/wp:column --><\/div>\n<!-- \/wp:column --><\/div>\n<!-- \/wp:columns -->\n\n<!-- \/wp:column --><\/div>\n<div class='tipos-personalizacao'>\n<!-- wp:columns -->\n<div class=\"wp-block-columns\"><!-- wp:column -->\n<div class=\"wp-block-column\"><!-- wp:columns -->\n<div class=\"wp-block-columns\"><!-- wp:column -->\n<div class=\"wp-block-column\"><!-- wp:heading -->\n<h4 class=\"wp-block-heading\">Hot Stamping<\/h4>\n<p>Muito usado em couro sint\u00e9tico e papel. \nCria um efeito de baixo relevo com brilho.<\/p>\n<!-- \/wp:heading --><\/div>\n<!-- \/wp:column -->\n\n<!-- wp:column -->\n<div class=\"wp-block-column\"><!-- wp:heading -->\n<h4 class=\"wp-block-heading\">Impress\u00e3o UV <\/h4>\n<p> Produz cores vibrantes e n\u00edtidas, dur\u00e1vel e resistente a arranh\u00f5es, desbotamento.\nPermiti a personaliza\u00e7\u00e3o de diversos materiais como metal, acr\u00edlico e madeira<\/p>\n<!-- \/wp:heading --><\/div>\n\n<!-- \/wp:column -->\n\n<!-- wp:column -->\n<div class=\"wp-block-column\"><!-- wp:heading -->\n<h4 class=\"wp-block-heading\">Serigrafia \/ Silk Screen<\/h4>\n<p>Ideal para produ\u00e7\u00e3o em massa e larga escala.\nPermite estampar em diversos materiais, como algod\u00e3o, papel, pl\u00e1stico e vidro. <\/p>\n<!-- \/wp:heading --><\/div>\n<!-- \/wp:column -->\n\n<!-- wp:column -->\n<!-- \/wp:column --><\/div>\n<!-- \/wp:columns --><\/div>\n<!-- \/wp:column --><\/div>\n<\/div>\n<div class='tipos-personalizacao'>\n<!-- wp:columns -->\n<div class=\"wp-block-columns\"><!-- wp:column -->\n<div class=\"wp-block-column\"><!-- wp:columns -->\n<div class=\"wp-block-columns\"><!-- wp:column -->\n<div class=\"wp-block-column\"><!-- wp:heading -->\n<h4 class=\"wp-block-heading\">Sublima\u00e7\u00e3o<\/h4>\n<p>\u00c9 usada para personalizar uma variedade de itens, incluindo tecidos (como poli\u00e9ster), canecas, mouse pads, entre outros.<\/p>\n<!-- \/wp:heading --><\/div>\n<!-- \/wp:column -->\n\n<!-- wp:column -->\n<div class=\"wp-block-column\"><!-- wp:heading -->\n<h4 class=\"wp-block-heading\">Tampografia<\/h4>\n<p>Excelente para objetos curvos, irregulares e pequenos, como canetas e ta\u00e7as. Produz uma impress\u00e3o de alta qualidade, n\u00edtida e dur\u00e1vel,<\/p>\n<!-- \/wp:heading --><\/div>\n\n<!-- \/wp:column -->\n\n<!-- wp:column -->\n<div class=\"wp-block-column\"><!-- wp:heading -->\n<h4 class=\"wp-block-heading\">Transfer<\/h4>\n<p>Pode ser aplicado em uma ampla gama de materiais, como camisetas, canecas, copos, brindes, e at\u00e9 itens comest\u00edveis. <\/p>\n<!-- \/wp:heading --><\/div>\n<!-- \/wp:column -->\n\n<!-- wp:column -->\n<!-- \/wp:column --><\/div>\n<!-- \/wp:columns --><\/div>\n<!-- \/wp:column --><\/div>\n<!-- \/wp:columns --><\/div>\n<\/div>\n\n\n<!-- \/wp:columns --><\/div>\n<!-- \/wp:columns --><\/div>\n<!-- \/wp:column -->\n<!-- wp:columns -->\n<div class=\"wp-block-columns\"><!-- wp:column -->\n<div class=\"wp-block-column\"><!-- wp:columns {\"className\":\"div-fale-conosco\"} -->\n<div class=\"wp-block-columns div-fale-conosco\" style=\"position: relative;\" ><!-- wp:column -->\n<div class=\"wp-block-column\">\n<!-- wp:heading -->\n<div class=\"texto-contato\">\n<h2 class=\"wp-block-heading\" id=\"fale-conosco\">Fale Conosco<\/h2>\n<!-- \/wp:heading -->\n<!-- wp:paragraph -->\n\n<p >Voc\u00ea poder\u00e1 falar com um de nossos colaboradores atrav\u00e9s dos <br \/>canais abaixo.<\/p>\n<div class='canais-contato'>\n<p>Telefone:<span class=\"link_contato tel\"> (11) 98677-2689<\/p>\n<p>Email: <a class=\"link_contato\" href=\"mailto:contato@idealebrindes.com.br\">contato@idealebrindes.com.br<\/a><\/p>\n<!-- \/wp:paragraph -->\n<!-- wp:paragraph -->\n\n<!-- \/wp:paragraph -->\n<!-- wp:paragraph -->\n<div class=\"whatsapp\">\n<div style=\"margin-right:10px; font-size: 1.2rem;\">Via WhatsApp:<\/div>\n<div><a href='https:\/\/wa.me\/\/5511954621419?text=Solicite%20um%20or%C3%A7amento' target='_blank'><img decoding=\"async\" src=\"https:\/\/avez.com.br\/idealebrindes\/wp-content\/uploads\/2025\/09\/Whatsapp.png\" style=\"width: 25px;\"\/><\/a><\/div>\n<\/div>\n<div class='div-botao-formulario'>\n<div style=\"font-size: 1.2rem; margin-right: 20px;\">Pelo formul\u00e1rio:<\/div>\n<div> <a href=\"https:\/\/idealebrindes.com.br\/index.php\/formulario-contato\/\" class=\"botao-azul\" id=\"form_orcamento\" target='_blank'>Solicite um or\u00e7amento<\/a><\/div>\n<\/div>\n<!-- \/wp:paragraph -->\n<\/div>\n<\/div>\n<\/div>\n<!-- \/wp:column -->\n\n<!-- wp:column -->\n<div class=\"wp-block-column\"><!-- wp:image {\"id\":244,\"sizeSlug\":\"full\",\"linkDestination\":\"none\"} -->\n<figure class=\"wp-block-image size-full\"><img decoding=\"async\" src=\"https:\/\/avez.com.br\/idealebrindes\/wp-content\/uploads\/2025\/08\/atendimento-1.png\" alt=\"\" class=\"wp-image-244\"\/><\/figure>\n<!-- \/wp:image --><\/div>\n<!-- \/wp:column --><\/div>\n<!-- \/wp:columns --><\/div>\n<!-- \/wp:column --><\/div>\n<!-- \/wp:columns --><!-- \/wp:columns --><!-- \/wp:post-content -->","protected":false},"excerpt":{"rendered":"<p>Transforme suas ideias em brindes memor\u00e1veis A Ideale Brindes Somos especialistas em criar brindes personalizados que fortalecem marcas e encantam clientes. Qualidade, criatividade e compromisso s\u00e3o nossos pilares. Tipos de Personaliza\u00e7\u00e3o Bordado Ideal para uniformes e vestu\u00e1rio. Produz acabamento delicado e elegante DTF (Direct-to-Film) Consegue reproduzir imagens com cores vivas e detalhes n\u00edtidos. Pode ser [&hellip;]<\/p>\n","protected":false},"author":1,"featured_media":0,"parent":0,"menu_order":0,"comment_status":"closed","ping_status":"closed","template":"templates\/template-page-full-width.php","meta":{"footnotes":""},"class_list":["post-26","page","type-page","status-publish","hentry"],"_links":{"self":[{"href":"https:\/\/idealebrindes.com.br\/index.php\/wp-json\/wp\/v2\/pages\/26","targetHints":{"allow":["GET"]}}],"collection":[{"href":"https:\/\/idealebrindes.com.br\/index.php\/wp-json\/wp\/v2\/pages"}],"about":[{"href":"https:\/\/idealebrindes.com.br\/index.php\/wp-json\/wp\/v2\/types\/page"}],"author":[{"embeddable":true,"href":"https:\/\/idealebrindes.com.br\/index.php\/wp-json\/wp\/v2\/users\/1"}],"replies":[{"embeddable":true,"href":"https:\/\/idealebrindes.com.br\/index.php\/wp-json\/wp\/v2\/comments?post=26"}],"version-history":[{"count":46,"href":"https:\/\/idealebrindes.com.br\/index.php\/wp-json\/wp\/v2\/pages\/26\/revisions"}],"predecessor-version":[{"id":398,"href":"https:\/\/idealebrindes.com.br\/index.php\/wp-json\/wp\/v2\/pages\/26\/revisions\/398"}],"wp:attachment":[{"href":"https:\/\/idealebrindes.com.br\/index.php\/wp-json\/wp\/v2\/media?parent=26"}],"curies":[{"name":"wp","href":"https:\/\/api.w.org\/{rel}","templated":true}]}}